{"id":271,"date":"2020-07-20T09:21:37","date_gmt":"2020-07-20T09:21:37","guid":{"rendered":"https:\/\/masterclass.e-nformation.ro\/?page_id=271"},"modified":"2021-03-11T09:10:39","modified_gmt":"2021-03-11T09:10:39","slug":"faq","status":"publish","type":"page","link":"https:\/\/masterclass.lvgassistance.ro\/index.php\/faq\/","title":{"rendered":"FAQ"},"content":{"rendered":"\t\t<div data-elementor-type=\"wp-page\" data-elementor-id=\"271\" class=\"elementor elementor-271\" data-elementor-settings=\"[]\">\n\t\t\t\t\t\t<div class=\"elementor-inner\">\n\t\t\t\t\t\t\t<div class=\"elementor-section-wrap\">\n\t\t\t\t\t\t\t<section class=\"elementor-section elementor-top-section elementor-element elementor-element-4500603 elementor-section-boxed elementor-section-height-default elementor-section-height-default\" data-id=\"4500603\" data-element_type=\"section\">\n\t\t\t\t\t\t<div class=\"elementor-container elementor-column-gap-default\">\n\t\t\t\t\t\t\t<div class=\"elementor-row\">\n\t\t\t\t\t<div class=\"elementor-column elementor-col-100 elementor-top-column elementor-element elementor-element-3655fcf\" data-id=\"3655fcf\" data-element_type=\"column\">\n\t\t\t<div class=\"elementor-column-wrap elementor-element-populated\">\n\t\t\t\t\t\t\t<div class=\"elementor-widget-wrap\">\n\t\t\t\t\t\t<div class=\"elementor-element elementor-element-66feba2 elementor-widget elementor-widget-bdt-faq\" data-id=\"66feba2\" data-element_type=\"widget\" data-widget_type=\"bdt-faq.default\">\n\t\t\t\t<div class=\"elementor-widget-container\">\n\t\t\t\t\t<div class=\"bdt-faq-wrapper\">\n\n\t\t\t\t\t\t<div class=\"bdt-faq\">\n\t\t\t\t<div id=\"bdt-accordion-66feba2\" class=\"bdt-accordion\" bdt-accordion=\"{&quot;collapsible&quot;:true,&quot;multiple&quot;:true,&quot;transition&quot;:&quot;ease-in-out&quot;,&quot;active&quot;:0}\">\n\t\t\t\t<div class=\"bdt-faq-item\">\t\t\t\t\n\t\t\t\t\t<div class=\"bdt-accordion-title\">\n\t\t\t\t\t\t\t<span class=\"bdt-accordion-icon bdt-accordion-icon-left\" aria-hidden=\"true\">\n\t\t\t\t\t<i class=\"bdt-accordion-icon-closed fa fa-question\"><\/i>\n\t\t\t\t\t<i class=\"bdt-accordion-icon-opened fa fa-check\"><\/i>\n\t\t\t\t<\/span>\n\t\t\t\t\t\tCum m\u0103 pot \u00eenregistra la Masterclass-ul Enformation?\t\t<\/div>\n\t\t\n\t\t\t<div class=\"bdt-accordion-content\">\n\t\t\t\t\t\t<div class=\"bdt-faq-excerpt\">\n\t\t\t<p>Participan\u021bii se pot \u00eenregistra la unul sau mai multe module ale Masterclass-ului Enformation individual, pe pagina dedicat\u0103 fiec\u0103rui modul, sau prin intermediul institu\u021biei la care sunt afilia\u021bi (complet\u00e2nd formularul Recomand\u0103-ne).<\/p>\n\t\t<\/div>\n\t\t\t\t\t<\/div>\n\t\t<\/div>\n\t\t\t\t<div class=\"bdt-faq-item bdt-faq-item\">\t\t\t\t\n\t\t\t\t\t<div class=\"bdt-accordion-title\">\n\t\t\t\t\t\t\t<span class=\"bdt-accordion-icon bdt-accordion-icon-left\" aria-hidden=\"true\">\n\t\t\t\t\t<i class=\"bdt-accordion-icon-closed fa fa-question\"><\/i>\n\t\t\t\t\t<i class=\"bdt-accordion-icon-opened fa fa-check\"><\/i>\n\t\t\t\t<\/span>\n\t\t\t\t\t\tCine sunt Speakerii Masterclass-ului Enformation?\t\t<\/div>\n\t\t\n\t\t\t<div class=\"bdt-accordion-content\">\n\t\t\t\t\t\t<div class=\"bdt-faq-excerpt\">\n\t\t\t<p>Prezentarea fiec\u0103rui modul al Masterclass-ului este realizat\u0103 de c\u0103tre speakeri profesioni\u0219ti, invita\u021bi ale\u0219i din r\u00e2ndul partenerilor Enfomation.<\/p>\n\t\t<\/div>\n\t\t\t\t\t<\/div>\n\t\t<\/div>\n\t\t\t\t<div class=\"bdt-faq-item bdt-faq-item bdt-faq-item\">\t\t\t\t\n\t\t\t\t\t<div class=\"bdt-accordion-title\">\n\t\t\t\t\t\t\t<span class=\"bdt-accordion-icon bdt-accordion-icon-left\" aria-hidden=\"true\">\n\t\t\t\t\t<i class=\"bdt-accordion-icon-closed fa fa-question\"><\/i>\n\t\t\t\t\t<i class=\"bdt-accordion-icon-opened fa fa-check\"><\/i>\n\t\t\t\t<\/span>\n\t\t\t\t\t\tPot participa la mai multe module din cadrul Masterclass-ului Enformation?\t\t<\/div>\n\t\t\n\t\t\t<div class=\"bdt-accordion-content\">\n\t\t\t\t\t\t<div class=\"bdt-faq-excerpt\">\n\t\t\t<p>Desigur. Fiecare participant poate opta s\u0103 participe la unul sau la mai multe module ale Masterclass-ului Enformation.<\/p>\n\t\t<\/div>\n\t\t\t\t\t<\/div>\n\t\t<\/div>\n\t\t\t\t<div class=\"bdt-faq-item bdt-faq-item bdt-faq-item bdt-faq-item\">\t\t\t\t\n\t\t\t\t\t<div class=\"bdt-accordion-title\">\n\t\t\t\t\t\t\t<span class=\"bdt-accordion-icon bdt-accordion-icon-left\" aria-hidden=\"true\">\n\t\t\t\t\t<i class=\"bdt-accordion-icon-closed fa fa-question\"><\/i>\n\t\t\t\t\t<i class=\"bdt-accordion-icon-opened fa fa-check\"><\/i>\n\t\t\t\t<\/span>\n\t\t\t\t\t\tPot participa la Masterclass prin intermediul universit\u0103\u021bii sau al institutului de cercetare unde lucrez sau trebuie s\u0103 m\u0103 \u00eenscriu individual?\t\t<\/div>\n\t\t\n\t\t\t<div class=\"bdt-accordion-content\">\n\t\t\t\t\t\t<div class=\"bdt-faq-excerpt\">\n\t\t\t<p>Masterclass-ul Enformation este dedicat at\u00e2t participan\u021bilor individuali, care doresc s\u0103 se \u00eenscrie pe cont propriu, c\u00e2t \u0219i grupurilor din cadrul universit\u0103\u021bilor \u0219i institutelor de cercetare, care se pot \u00eenregistra prin intermediul institu\u021biilor din care fac parte.<\/p>\n\t\t<\/div>\n\t\t\t\t\t<\/div>\n\t\t<\/div>\n\t\t\t\t<div class=\"bdt-faq-item bdt-faq-item bdt-faq-item bdt-faq-item bdt-faq-item\">\t\t\t\t\n\t\t\t\t\t<div class=\"bdt-accordion-title\">\n\t\t\t\t\t\t\t<span class=\"bdt-accordion-icon bdt-accordion-icon-left\" aria-hidden=\"true\">\n\t\t\t\t\t<i class=\"bdt-accordion-icon-closed fa fa-question\"><\/i>\n\t\t\t\t\t<i class=\"bdt-accordion-icon-opened fa fa-check\"><\/i>\n\t\t\t\t<\/span>\n\t\t\t\t\t\tC\u00e2t dureaz\u0103 cursurile Masterclass-ului Enformation?\t\t<\/div>\n\t\t\n\t\t\t<div class=\"bdt-accordion-content\">\n\t\t\t\t\t\t<div class=\"bdt-faq-excerpt\">\n\t\t\t<p>Fiecare modul al Masterclass-ului Enformation este organizat \u00eentr-o sesiune special\u0103, care are alocate \u00eentre 2 \u0219i 6 ore\/zi (pentru mai multe informa\u021bii, pute\u021bi consulta paginile dedicate modulelor).<\/p>\n\t\t<\/div>\n\t\t\t\t\t<\/div>\n\t\t<\/div>\n\t\t\t\t<div class=\"bdt-faq-item bdt-faq-item bdt-faq-item bdt-faq-item bdt-faq-item bdt-faq-item\">\t\t\t\t\n\t\t\t\t\t<div class=\"bdt-accordion-title\">\n\t\t\t\t\t\t\t<span class=\"bdt-accordion-icon bdt-accordion-icon-left\" aria-hidden=\"true\">\n\t\t\t\t\t<i class=\"bdt-accordion-icon-closed fa fa-question\"><\/i>\n\t\t\t\t\t<i class=\"bdt-accordion-icon-opened fa fa-check\"><\/i>\n\t\t\t\t<\/span>\n\t\t\t\t\t\tCu ce frecven\u021b\u0103 se organizeaz\u0103 cursurile Masterclass-ului Enformation?\t\t<\/div>\n\t\t\n\t\t\t<div class=\"bdt-accordion-content\">\n\t\t\t\t\t\t<div class=\"bdt-faq-excerpt\">\n\t\t\t<p>Frecven\u021ba cursurilor din cadrul Masterclass-ului Enformation este lunar\u0103, \u00een func\u021bie de disponibilitatea speakerilor invita\u021bi. Pentru a fi la curent cu ultimele evenimente, precum \u0219i pentru a afla informa\u021bii exacte privind data \u0219i ora cursurilor, v\u0103 rug\u0103m s\u0103 urm\u0103ri\u021bi pagina Masterclass.<\/p>\n\t\t<\/div>\n\t\t\t\t\t<\/div>\n\t\t<\/div>\n\t\t\t\t\t\t<\/div>\n\t\t\t<\/div>\n\t\t<\/div>\n\n\t\t\t\t<\/div>\n\t\t\t\t<\/div>\n\t\t\t\t\t\t<\/div>\n\t\t\t\t\t<\/div>\n\t\t<\/div>\n\t\t\t\t\t\t\t\t<\/div>\n\t\t\t\t\t<\/div>\n\t\t<\/section>\n\t\t\t\t\t\t<\/div>\n\t\t\t\t\t\t<\/div>\n\t\t\t\t\t<\/div>\n\t\t","protected":false},"excerpt":{"rendered":"<p>Cum m\u0103 pot \u00eenregistra la Masterclass-ul Enformation? Participan\u021bii se pot \u00eenregistra la unul sau mai multe module ale Masterclass-ului Enformation individual, pe pagina dedicat\u0103 fiec\u0103rui modul, sau prin intermediul institu\u021biei la care sunt afilia\u021bi (complet\u00e2nd formularul Recomand\u0103-ne). Cine sunt Speakerii Masterclass-ului Enformation? Prezentarea fiec\u0103rui modul al Masterclass-ului este realizat\u0103 de c\u0103tre speakeri profesioni\u0219ti, invita\u021bi ale\u0219i din r\u00e2ndul partenerilor Enfomation. Pot participa la mai multe module din cadrul Masterclass-ului Enformation? Desigur. Fiecare participant poate opta s\u0103 participe la unul sau la mai multe module ale Masterclass-ului Enformation. Pot participa la Masterclass prin intermediul universit\u0103\u021bii sau al institutului de cercetare unde lucrez sau trebuie s\u0103 m\u0103 \u00eenscriu individual? Masterclass-ul Enformation este dedicat at\u00e2t participan\u021bilor individuali, care doresc s\u0103 se \u00eenscrie pe cont propriu, c\u00e2t \u0219i grupurilor din cadrul universit\u0103\u021bilor \u0219i institutelor de cercetare, care se pot \u00eenregistra prin intermediul institu\u021biilor din care fac parte. C\u00e2t dureaz\u0103 cursurile Masterclass-ului Enformation? Fiecare modul al Masterclass-ului Enformation este organizat \u00eentr-o sesiune special\u0103, care are alocate \u00eentre 2 \u0219i 6 ore\/zi (pentru mai multe informa\u021bii, pute\u021bi consulta paginile dedicate modulelor). Cu ce frecven\u021b\u0103 se organizeaz\u0103 cursurile Masterclass-ului Enformation? Frecven\u021ba cursurilor din cadrul Masterclass-ului Enformation este lunar\u0103, \u00een func\u021bie de disponibilitatea speakerilor invita\u021bi. Pentru a fi la [&hellip;]<\/p>\n","protected":false},"author":1,"featured_media":0,"parent":0,"menu_order":0,"comment_status":"closed","ping_status":"closed","template":"","meta":[],"_links":{"self":[{"href":"https:\/\/masterclass.lvgassistance.ro\/index.php\/wp-json\/wp\/v2\/pages\/271"}],"collection":[{"href":"https:\/\/masterclass.lvgassistance.ro\/index.php\/wp-json\/wp\/v2\/pages"}],"about":[{"href":"https:\/\/masterclass.lvgassistance.ro\/index.php\/wp-json\/wp\/v2\/types\/page"}],"author":[{"embeddable":true,"href":"https:\/\/masterclass.lvgassistance.ro\/index.php\/wp-json\/wp\/v2\/users\/1"}],"replies":[{"embeddable":true,"href":"https:\/\/masterclass.lvgassistance.ro\/index.php\/wp-json\/wp\/v2\/comments?post=271"}],"version-history":[{"count":10,"href":"https:\/\/masterclass.lvgassistance.ro\/index.php\/wp-json\/wp\/v2\/pages\/271\/revisions"}],"predecessor-version":[{"id":453,"href":"https:\/\/masterclass.lvgassistance.ro\/index.php\/wp-json\/wp\/v2\/pages\/271\/revisions\/453"}],"wp:attachment":[{"href":"https:\/\/masterclass.lvgassistance.ro\/index.php\/wp-json\/wp\/v2\/media?parent=271"}],"curies":[{"name":"wp","href":"https:\/\/api.w.org\/{rel}","templated":true}]}}