{"id":38,"date":"2020-05-18T11:24:17","date_gmt":"2020-05-18T11:24:17","guid":{"rendered":"https:\/\/masterclass.e-nformation.ro\/?page_id=38"},"modified":"2020-05-18T11:39:27","modified_gmt":"2020-05-18T11:39:27","slug":"module-masterclass-enformation","status":"publish","type":"page","link":"https:\/\/masterclass.lvgassistance.ro\/index.php\/module-masterclass-enformation\/","title":{"rendered":"Module Masterclass Enformation"},"content":{"rendered":"\t\t<div data-elementor-type=\"wp-page\" data-elementor-id=\"38\" class=\"elementor elementor-38\" data-elementor-settings=\"[]\">\n\t\t\t\t\t\t<div class=\"elementor-inner\">\n\t\t\t\t\t\t\t<div class=\"elementor-section-wrap\">\n\t\t\t\t\t\t\t<section class=\"elementor-section elementor-top-section elementor-element elementor-element-603a440 elementor-section-boxed elementor-section-height-default elementor-section-height-default\" data-id=\"603a440\" data-element_type=\"section\">\n\t\t\t\t\t\t<div class=\"elementor-container elementor-column-gap-default\">\n\t\t\t\t\t\t\t<div class=\"elementor-row\">\n\t\t\t\t\t<div class=\"elementor-column elementor-col-100 elementor-top-column elementor-element elementor-element-e3fab94\" data-id=\"e3fab94\" data-element_type=\"column\">\n\t\t\t<div class=\"elementor-column-wrap elementor-element-populated\">\n\t\t\t\t\t\t\t<div class=\"elementor-widget-wrap\">\n\t\t\t\t\t\t<div class=\"elementor-element elementor-element-22688b4 elementor-widget elementor-widget-image\" data-id=\"22688b4\" data-element_type=\"widget\" data-widget_type=\"image.default\">\n\t\t\t\t<div class=\"elementor-widget-container\">\n\t\t\t\t\t\t\t\t<div class=\"elementor-image\">\n\t\t\t\t\t\t\t\t\t\t\t\t<img width=\"890\" height=\"326\" src=\"https:\/\/masterclass.lvgassistance.ro\/wp-content\/uploads\/2020\/05\/iconmasterAsset-1@2x-1024x375.png\" class=\"attachment-large size-large\" alt=\"\" loading=\"lazy\" srcset=\"https:\/\/masterclass.lvgassistance.ro\/wp-content\/uploads\/2020\/05\/iconmasterAsset-1@2x-1024x375.png 1024w, https:\/\/masterclass.lvgassistance.ro\/wp-content\/uploads\/2020\/05\/iconmasterAsset-1@2x-300x110.png 300w, https:\/\/masterclass.lvgassistance.ro\/wp-content\/uploads\/2020\/05\/iconmasterAsset-1@2x-768x281.png 768w, https:\/\/masterclass.lvgassistance.ro\/wp-content\/uploads\/2020\/05\/iconmasterAsset-1@2x.png 1063w\" sizes=\"(max-width: 890px) 100vw, 890px\" \/>\t\t\t\t\t\t\t\t\t\t\t\t\t\t<\/div>\n\t\t\t\t\t\t<\/div>\n\t\t\t\t<\/div>\n\t\t\t\t\t\t<\/div>\n\t\t\t\t\t<\/div>\n\t\t<\/div>\n\t\t\t\t\t\t\t\t<\/div>\n\t\t\t\t\t<\/div>\n\t\t<\/section>\n\t\t\t\t<section class=\"elementor-section elementor-top-section elementor-element elementor-element-609ea4e elementor-section-boxed elementor-section-height-default elementor-section-height-default\" data-id=\"609ea4e\" data-element_type=\"section\">\n\t\t\t\t\t\t<div class=\"elementor-container elementor-column-gap-default\">\n\t\t\t\t\t\t\t<div class=\"elementor-row\">\n\t\t\t\t\t<div class=\"elementor-column elementor-col-100 elementor-top-column elementor-element elementor-element-4c5f783\" data-id=\"4c5f783\" data-element_type=\"column\">\n\t\t\t<div class=\"elementor-column-wrap elementor-element-populated\">\n\t\t\t\t\t\t\t<div class=\"elementor-widget-wrap\">\n\t\t\t\t\t\t<div class=\"elementor-element elementor-element-0d90cf2 elementor-widget elementor-widget-bdt-advanced-heading\" data-id=\"0d90cf2\" data-element_type=\"widget\" data-widget_type=\"bdt-advanced-heading.default\">\n\t\t\t\t<div class=\"elementor-widget-container\">\n\t\t\t<div id =\"0d90cf2\" class=\"bdt-advanced-heading\"><div class=\"bdt-advanced-heading-content bdt-visible@m\"><div class=\"bdt-transform-origin-top-left\">MASTERCLASS<\/div><\/div><div class=\"bdt-sub-heading\"><div class=\"bdt-sub-heading-content\">Modulul 1<\/div><\/div> <h2 class=\"bdt-heading-title\"><div class=\"bdt-main-heading\"><div class=\"bdt-main-heading-inner\">Despre Scrierea \u0219i trimiterea spre evaluare a unui manuscris<\/div><\/div><\/h2><\/div>\t\t<\/div>\n\t\t\t\t<\/div>\n\t\t\t\t\t\t<\/div>\n\t\t\t\t\t<\/div>\n\t\t<\/div>\n\t\t\t\t\t\t\t\t<\/div>\n\t\t\t\t\t<\/div>\n\t\t<\/section>\n\t\t\t\t<section class=\"elementor-section elementor-top-section elementor-element elementor-element-4790ae6 elementor-section-boxed elementor-section-height-default elementor-section-height-default\" data-id=\"4790ae6\" data-element_type=\"section\">\n\t\t\t\t\t\t<div class=\"elementor-container elementor-column-gap-default\">\n\t\t\t\t\t\t\t<div class=\"elementor-row\">\n\t\t\t\t\t<div class=\"elementor-column elementor-col-100 elementor-top-column elementor-element elementor-element-22bdab4\" data-id=\"22bdab4\" data-element_type=\"column\">\n\t\t\t<div class=\"elementor-column-wrap\">\n\t\t\t\t\t\t\t<div class=\"elementor-widget-wrap\">\n\t\t\t\t\t\t\t\t<\/div>\n\t\t\t\t\t<\/div>\n\t\t<\/div>\n\t\t\t\t\t\t\t\t<\/div>\n\t\t\t\t\t<\/div>\n\t\t<\/section>\n\t\t\t\t<section class=\"elementor-section elementor-top-section elementor-element elementor-element-bbff478 elementor-section-boxed elementor-section-height-default elementor-section-height-default\" data-id=\"bbff478\" data-element_type=\"section\">\n\t\t\t\t\t\t<div class=\"elementor-container elementor-column-gap-default\">\n\t\t\t\t\t\t\t<div class=\"elementor-row\">\n\t\t\t\t\t<div class=\"elementor-column elementor-col-33 elementor-top-column elementor-element elementor-element-37dceb2\" data-id=\"37dceb2\" data-element_type=\"column\">\n\t\t\t<div class=\"elementor-column-wrap elementor-element-populated\">\n\t\t\t\t\t\t\t<div class=\"elementor-widget-wrap\">\n\t\t\t\t\t\t<div class=\"elementor-element elementor-element-b0c9d18 elementor-widget elementor-widget-image\" data-id=\"b0c9d18\" data-element_type=\"widget\" data-widget_type=\"image.default\">\n\t\t\t\t<div class=\"elementor-widget-container\">\n\t\t\t\t\t\t\t\t<div class=\"elementor-image\">\n\t\t\t\t\t\t\t\t\t\t\t\t<img width=\"300\" height=\"300\" src=\"https:\/\/masterclass.lvgassistance.ro\/wp-content\/uploads\/2020\/05\/dummyimage.png\" class=\"attachment-large size-large\" alt=\"\" loading=\"lazy\" srcset=\"https:\/\/masterclass.lvgassistance.ro\/wp-content\/uploads\/2020\/05\/dummyimage.png 300w, https:\/\/masterclass.lvgassistance.ro\/wp-content\/uploads\/2020\/05\/dummyimage-150x150.png 150w\" sizes=\"(max-width: 300px) 100vw, 300px\" \/>\t\t\t\t\t\t\t\t\t\t\t\t\t\t<\/div>\n\t\t\t\t\t\t<\/div>\n\t\t\t\t<\/div>\n\t\t\t\t<div class=\"elementor-element elementor-element-633113a elementor-widget elementor-widget-elementskit-button\" data-id=\"633113a\" data-element_type=\"widget\" data-widget_type=\"elementskit-button.default\">\n\t\t\t\t<div class=\"elementor-widget-container\">\n\t\t\t<div class=\"ekit-wid-con\" >\t\t<div class=\"ekit-btn-wraper\">\n\t\t\t\t\t\t\t<a href=\"#\" class=\"elementskit-btn  whitespace--normal\" >\n\t\t\t\t\t\n\t\t\t\t\t<i aria-hidden=\"true\" class=\"fas fa-info-circle\"><\/i>\n\t\t\t\t\tMai multe informatii\t\t\t\t<\/a>\n\t\t\t\t\t\t<\/div>\n        <\/div>\t\t<\/div>\n\t\t\t\t<\/div>\n\t\t\t\t\t\t<\/div>\n\t\t\t\t\t<\/div>\n\t\t<\/div>\n\t\t\t\t<div class=\"elementor-column elementor-col-66 elementor-top-column elementor-element elementor-element-93bf783\" data-id=\"93bf783\" data-element_type=\"column\">\n\t\t\t<div class=\"elementor-column-wrap elementor-element-populated\">\n\t\t\t\t\t\t\t<div class=\"elementor-widget-wrap\">\n\t\t\t\t\t\t<div class=\"elementor-element elementor-element-a3c25e0 elementor-widget elementor-widget-text-editor\" data-id=\"a3c25e0\" data-element_type=\"widget\" data-widget_type=\"text-editor.default\">\n\t\t\t\t<div class=\"elementor-widget-container\">\n\t\t\t\t\t\t\t\t<div class=\"elementor-text-editor elementor-clearfix\">\n\t\t\t\t\t<p><b>Scrierea \u0219i trimiterea spre evaluare a unui manuscris<\/b><span style=\"font-weight: 400;\"> reprezint\u0103 primul modul al proiectului <\/span><b>Masterclass Enformation<\/b><span style=\"font-weight: 400;\">, cursul la care teoria procesului de realizare a unui articol academic de succes cap\u0103t\u0103 dimensiuni practice! \u0218tim c\u0103 fiecare cercet\u0103tor are stilul propriu de scriere \u0219i de explicare a rezultatelor ob\u021binute \u00een urma activit\u0103\u021bii de cercetare. De aceea, \u00een cadrul acestui modul \u00eencuraj\u0103m p\u0103strarea \u0219i perfec\u021bionarea propriului t\u0103u stil, oferindu-\u021bi repere de urmat \u0219i de adaptat pentru a deveni mai bun \u0219i mai clar \u00een transmiterea informa\u021biilor dorite. <\/span><b>Scrierea \u0219i trimiterea spre evaluare a unui manuscris<\/b><span style=\"font-weight: 400;\"> \u00ee\u021bi propune o discu\u021bie interactiv\u0103, \u00eentre autori \u0219i formatori, \u0219i \u00ee\u021bi prezint\u0103 concret studii de caz, exemple reale de articole academice care sunt analizate exhaustiv pe durata cursului. Te aten\u021bion\u0103m asupra celor mai frecvente gre\u0219eli, unele f\u0103cute chiar prin inserarea excesiv\u0103 a detaliilor din dorin\u021ba de a explica elocvent studiul conceput, \u0219i \u00ee\u021bi semnal\u0103m <\/span><span style=\"font-weight: 400;\">lipsurile \/ omisiunile<\/span><span style=\"font-weight: 400;\">, anume aspectele pe care nu se pune suficient accentul, de multe ori fie din grab\u0103, fie din lipsa unui con\u021binut complet \u0219i adecvat al ghidurilor pentru autori publicate de reviste. De asemenea, te \u00eencuraj\u0103m ca pe parcursul desf\u0103\u0219ur\u0103rii modulului s\u0103 contribui activ, aduc\u00e2nd \u00een discu\u021bie propriile exemple de scriere \u2013 titluri, abstracte \u0219i cuvinte cheie \u2013 pentru a-\u021bi putea furniza sfaturi personalizate.<\/span><\/p>\t\t\t\t\t<\/div>\n\t\t\t\t\t\t<\/div>\n\t\t\t\t<\/div>\n\t\t\t\t\t\t<\/div>\n\t\t\t\t\t<\/div>\n\t\t<\/div>\n\t\t\t\t\t\t\t\t<\/div>\n\t\t\t\t\t<\/div>\n\t\t<\/section>\n\t\t\t\t\t\t<\/div>\n\t\t\t\t\t\t<\/div>\n\t\t\t\t\t<\/div>\n\t\t","protected":false},"excerpt":{"rendered":"<p>MASTERCLASSModulul 1 Despre Scrierea \u0219i trimiterea spre evaluare a unui manuscris Mai multe informatii Scrierea \u0219i trimiterea spre evaluare a unui manuscris reprezint\u0103 primul modul al proiectului Masterclass Enformation, cursul la care teoria procesului de realizare a unui articol academic de succes cap\u0103t\u0103 dimensiuni practice! \u0218tim c\u0103 fiecare cercet\u0103tor are stilul propriu de scriere \u0219i de explicare a rezultatelor ob\u021binute \u00een urma activit\u0103\u021bii de cercetare. De aceea, \u00een cadrul acestui modul \u00eencuraj\u0103m p\u0103strarea \u0219i perfec\u021bionarea propriului t\u0103u stil, oferindu-\u021bi repere de urmat \u0219i de adaptat pentru a deveni mai bun \u0219i mai clar \u00een transmiterea informa\u021biilor dorite. Scrierea \u0219i trimiterea spre evaluare a unui manuscris \u00ee\u021bi propune o discu\u021bie interactiv\u0103, \u00eentre autori \u0219i formatori, \u0219i \u00ee\u021bi prezint\u0103 concret studii de caz, exemple reale de articole academice care sunt analizate exhaustiv pe durata cursului. Te aten\u021bion\u0103m asupra celor mai frecvente gre\u0219eli, unele f\u0103cute chiar prin inserarea excesiv\u0103 a detaliilor din dorin\u021ba de a explica elocvent studiul conceput, \u0219i \u00ee\u021bi semnal\u0103m lipsurile \/ omisiunile, anume aspectele pe care nu se pune suficient accentul, de multe ori fie din grab\u0103, fie din lipsa unui con\u021binut complet \u0219i adecvat al ghidurilor pentru autori publicate de reviste. De asemenea, te \u00eencuraj\u0103m ca pe parcursul desf\u0103\u0219ur\u0103rii [&hellip;]<\/p>\n","protected":false},"author":1,"featured_media":0,"parent":0,"menu_order":0,"comment_status":"closed","ping_status":"closed","template":"elementor_header_footer","meta":[],"_links":{"self":[{"href":"https:\/\/masterclass.lvgassistance.ro\/index.php\/wp-json\/wp\/v2\/pages\/38"}],"collection":[{"href":"https:\/\/masterclass.lvgassistance.ro\/index.php\/wp-json\/wp\/v2\/pages"}],"about":[{"href":"https:\/\/masterclass.lvgassistance.ro\/index.php\/wp-json\/wp\/v2\/types\/page"}],"author":[{"embeddable":true,"href":"https:\/\/masterclass.lvgassistance.ro\/index.php\/wp-json\/wp\/v2\/users\/1"}],"replies":[{"embeddable":true,"href":"https:\/\/masterclass.lvgassistance.ro\/index.php\/wp-json\/wp\/v2\/comments?post=38"}],"version-history":[{"count":4,"href":"https:\/\/masterclass.lvgassistance.ro\/index.php\/wp-json\/wp\/v2\/pages\/38\/revisions"}],"predecessor-version":[{"id":47,"href":"https:\/\/masterclass.lvgassistance.ro\/index.php\/wp-json\/wp\/v2\/pages\/38\/revisions\/47"}],"wp:attachment":[{"href":"https:\/\/masterclass.lvgassistance.ro\/index.php\/wp-json\/wp\/v2\/media?parent=38"}],"curies":[{"name":"wp","href":"https:\/\/api.w.org\/{rel}","templated":true}]}}